{"id":258,"date":"2018-01-22T10:17:40","date_gmt":"2018-01-22T14:17:40","guid":{"rendered":"http:\/\/ayuntamiento.o\/transparencia\/?page_id=258"},"modified":"2025-09-15T11:47:15","modified_gmt":"2025-09-15T15:47:15","slug":"responsable-de-acceso-a-la-informacion","status":"publish","type":"page","link":"https:\/\/ayuntamientodellimonvg.gob.do\/transparencia\/responsable-de-acceso-a-la-informacion\/","title":{"rendered":"Responsable de Acceso a la Informaci\u00f3n"},"content":{"rendered":"\n<figure class=\"wp-container-2 wp-block-gallery-1 wp-block-gallery has-nested-images columns-default is-cropped\">\n<figure class=\"wp-block-image\"><img loading=\"lazy\" width=\"660\" height=\"600\" data-id=\"824\"  src=\"http:\/\/ayuntamientodellimonvg.gob.do\/transparencia\/wp-content\/uploads\/2022\/12\/Screenshot_165.png\" alt=\"\" class=\"wp-image-824\" srcset=\"https:\/\/ayuntamientodellimonvg.gob.do\/transparencia\/wp-content\/uploads\/2022\/12\/Screenshot_165.png 660w, https:\/\/ayuntamientodellimonvg.gob.do\/transparencia\/wp-content\/uploads\/2022\/12\/Screenshot_165-250x227.png 250w, https:\/\/ayuntamientodellimonvg.gob.do\/transparencia\/wp-content\/uploads\/2022\/12\/Screenshot_165-120x109.png 120w\" sizes=\"(max-width: 660px) 100vw, 660px\" \/><\/figure>\n\n\n\n<figure class=\"wp-block-image\"><img loading=\"lazy\" width=\"651\" height=\"602\" data-id=\"823\"  src=\"http:\/\/ayuntamientodellimonvg.gob.do\/transparencia\/wp-content\/uploads\/2022\/12\/Screenshot_166.png\" alt=\"\" class=\"wp-image-823\" srcset=\"https:\/\/ayuntamientodellimonvg.gob.do\/transparencia\/wp-content\/uploads\/2022\/12\/Screenshot_166.png 651w, https:\/\/ayuntamientodellimonvg.gob.do\/transparencia\/wp-content\/uploads\/2022\/12\/Screenshot_166-250x231.png 250w, https:\/\/ayuntamientodellimonvg.gob.do\/transparencia\/wp-content\/uploads\/2022\/12\/Screenshot_166-120x111.png 120w\" sizes=\"(max-width: 651px) 100vw, 651px\" \/><\/figure>\n\n\n\n<figure class=\"wp-block-image\"><img loading=\"lazy\" width=\"649\" height=\"606\" data-id=\"822\"  src=\"http:\/\/ayuntamientodellimonvg.gob.do\/transparencia\/wp-content\/uploads\/2022\/12\/Screenshot_167.png\" alt=\"\" class=\"wp-image-822\" srcset=\"https:\/\/ayuntamientodellimonvg.gob.do\/transparencia\/wp-content\/uploads\/2022\/12\/Screenshot_167.png 649w, https:\/\/ayuntamientodellimonvg.gob.do\/transparencia\/wp-content\/uploads\/2022\/12\/Screenshot_167-250x233.png 250w, https:\/\/ayuntamientodellimonvg.gob.do\/transparencia\/wp-content\/uploads\/2022\/12\/Screenshot_167-120x112.png 120w\" sizes=\"(max-width: 649px) 100vw, 649px\" \/><\/figure>\n<\/figure>\n\n\n<p>\u00a0<\/p>\n<p><strong>Contactos:<\/strong><\/p>\n<p>Mar\u00eda Vidalina Jim\u00e9nez<\/p>\n<p><strong>Responsable de Acceso a la Informaci\u00f3n (RAI)<\/strong><\/p>\n<p>Tel\u00e9fono: (829) 213-4300<br \/>E-mail: juntaellimon_vg_santiago@hotmail.com<\/p>\n<p><strong>Direcci\u00f3n: Direcci\u00f3n: Calle Principal, #30, El Lim\u00f3n, Villa Gonz\u00e1lez, Santiago<\/strong><\/p>\n<p class=\"paragraph ng-attr-widget\">\u00a0<\/p>","protected":false},"excerpt":{"rendered":"\u00a0 Contactos: Mar\u00eda Vidalina Jim\u00e9nez Responsable de Acceso a la Informaci\u00f3n (RAI) Tel\u00e9fono: (829) 213-4300E-mail: juntaellimon_vg_santiago@hotmail.com Direcci\u00f3n: Direcci\u00f3n: Calle Principal, #30, El Lim\u00f3n, Villa Gonz\u00e1lez, Santiago \u00a0","protected":false},"author":1,"featured_media":0,"parent":0,"menu_order":0,"comment_status":"closed","ping_status":"closed","template":"","meta":[],"acf":[],"_links":{"self":[{"href":"https:\/\/ayuntamientodellimonvg.gob.do\/transparencia\/wp-json\/wp\/v2\/pages\/258"}],"collection":[{"href":"https:\/\/ayuntamientodellimonvg.gob.do\/transparencia\/wp-json\/wp\/v2\/pages"}],"about":[{"href":"https:\/\/ayuntamientodellimonvg.gob.do\/transparencia\/wp-json\/wp\/v2\/types\/page"}],"author":[{"embeddable":true,"href":"https:\/\/ayuntamientodellimonvg.gob.do\/transparencia\/wp-json\/wp\/v2\/users\/1"}],"replies":[{"embeddable":true,"href":"https:\/\/ayuntamientodellimonvg.gob.do\/transparencia\/wp-json\/wp\/v2\/comments?post=258"}],"version-history":[{"count":5,"href":"https:\/\/ayuntamientodellimonvg.gob.do\/transparencia\/wp-json\/wp\/v2\/pages\/258\/revisions"}],"predecessor-version":[{"id":1339,"href":"https:\/\/ayuntamientodellimonvg.gob.do\/transparencia\/wp-json\/wp\/v2\/pages\/258\/revisions\/1339"}],"wp:attachment":[{"href":"https:\/\/ayuntamientodellimonvg.gob.do\/transparencia\/wp-json\/wp\/v2\/media?parent=258"}],"curies":[{"name":"wp","href":"https:\/\/api.w.org\/{rel}","templated":true}]}}